{"id":20,"date":"2018-02-12T14:47:11","date_gmt":"2018-02-12T14:47:11","guid":{"rendered":"https:\/\/websitedemos.net\/coach02\/?page_id=20"},"modified":"2018-10-23T21:40:36","modified_gmt":"2018-10-23T21:40:36","slug":"about","status":"publish","type":"page","link":"http:\/\/www.meijer-sprachen.de\/?page_id=20","title":{"rendered":"About"},"content":{"rendered":"\t\t<div data-elementor-type=\"wp-post\" data-elementor-id=\"20\" class=\"elementor elementor-20 elementor-bc-flex-widget\">\n\t\t\t\t\t\t<div class=\"elementor-inner\">\n\t\t\t\t<div class=\"elementor-section-wrap\">\n\t\t\t\t\t\t\t\t\t<section class=\"elementor-section elementor-top-section elementor-element elementor-element-4064534d elementor-section-content-bottom elementor-section-boxed elementor-section-height-default elementor-section-height-default\" data-id=\"4064534d\" data-element_type=\"section\" data-settings=\"{&quot;background_background&quot;:&quot;classic&quot;}\">\n\t\t\t\t\t\t\t<div class=\"elementor-background-overlay\"><\/div>\n\t\t\t\t\t\t\t<div class=\"elementor-container elementor-column-gap-extended\">\n\t\t\t\t\t\t\t<div class=\"elementor-row\">\n\t\t\t\t\t<div class=\"elementor-column elementor-col-100 elementor-top-column elementor-element elementor-element-3ada6a89\" data-id=\"3ada6a89\" data-element_type=\"column\">\n\t\t\t<div class=\"elementor-column-wrap elementor-element-populated\">\n\t\t\t\t\t\t\t<div class=\"elementor-widget-wrap\">\n\t\t\t\t\t\t<div class=\"elementor-element elementor-element-701ad18a elementor-widget elementor-widget-spacer\" data-id=\"701ad18a\" data-element_type=\"widget\" data-widget_type=\"spacer.default\">\n\t\t\t\t<div class=\"elementor-widget-container\">\n\t\t\t\t\t<div class=\"elementor-spacer\">\n\t\t\t<div class=\"elementor-spacer-inner\"><\/div>\n\t\t<\/div>\n\t\t\t\t<\/div>\n\t\t\t\t<\/div>\n\t\t\t\t<div class=\"elementor-element elementor-element-48f9c940 elementor-widget elementor-widget-heading\" data-id=\"48f9c940\" data-element_type=\"widget\" data-widget_type=\"heading.default\">\n\t\t\t\t<div class=\"elementor-widget-container\">\n\t\t\t<h1 class=\"elementor-heading-title elementor-size-default\">Dienstleistungen<\/h1>\t\t<\/div>\n\t\t\t\t<\/div>\n\t\t\t\t<div class=\"elementor-element elementor-element-22034684 elementor-widget elementor-widget-spacer\" data-id=\"22034684\" data-element_type=\"widget\" data-widget_type=\"spacer.default\">\n\t\t\t\t<div class=\"elementor-widget-container\">\n\t\t\t\t\t<div class=\"elementor-spacer\">\n\t\t\t<div class=\"elementor-spacer-inner\"><\/div>\n\t\t<\/div>\n\t\t\t\t<\/div>\n\t\t\t\t<\/div>\n\t\t\t\t\t\t<\/div>\n\t\t\t\t\t<\/div>\n\t\t<\/div>\n\t\t\t\t\t\t\t\t<\/div>\n\t\t\t\t\t<\/div>\n\t\t<\/section>\n\t\t\t\t<section class=\"elementor-section elementor-top-section elementor-element elementor-element-437a5a96 elementor-section-content-middle elementor-section-boxed elementor-section-height-default elementor-section-height-default\" data-id=\"437a5a96\" data-element_type=\"section\">\n\t\t\t\t\t\t<div class=\"elementor-container elementor-column-gap-extended\">\n\t\t\t\t\t\t\t<div class=\"elementor-row\">\n\t\t\t\t\t<div class=\"elementor-column elementor-col-100 elementor-top-column elementor-element elementor-element-ae6005d\" data-id=\"ae6005d\" data-element_type=\"column\">\n\t\t\t<div class=\"elementor-column-wrap\">\n\t\t\t\t\t\t\t<div class=\"elementor-widget-wrap\">\n\t\t\t\t\t\t\t\t<\/div>\n\t\t\t\t\t<\/div>\n\t\t<\/div>\n\t\t\t\t\t\t\t\t<\/div>\n\t\t\t\t\t<\/div>\n\t\t<\/section>\n\t\t\t\t<section class=\"elementor-section elementor-top-section elementor-element elementor-element-113795a3 elementor-section-content-middle elementor-section-boxed elementor-section-height-default elementor-section-height-default\" data-id=\"113795a3\" data-element_type=\"section\" data-settings=\"{&quot;background_background&quot;:&quot;classic&quot;}\">\n\t\t\t\t\t\t<div class=\"elementor-container elementor-column-gap-extended\">\n\t\t\t\t\t\t\t<div class=\"elementor-row\">\n\t\t\t\t\t<div class=\"elementor-column elementor-col-100 elementor-top-column elementor-element elementor-element-71ce93dc\" data-id=\"71ce93dc\" data-element_type=\"column\">\n\t\t\t<div class=\"elementor-column-wrap elementor-element-populated\">\n\t\t\t\t\t\t\t<div class=\"elementor-widget-wrap\">\n\t\t\t\t\t\t<div class=\"elementor-element elementor-element-3feaa4af elementor-widget elementor-widget-spacer\" data-id=\"3feaa4af\" data-element_type=\"widget\" data-widget_type=\"spacer.default\">\n\t\t\t\t<div class=\"elementor-widget-container\">\n\t\t\t\t\t<div class=\"elementor-spacer\">\n\t\t\t<div class=\"elementor-spacer-inner\"><\/div>\n\t\t<\/div>\n\t\t\t\t<\/div>\n\t\t\t\t<\/div>\n\t\t\t\t<div class=\"elementor-element elementor-element-3421b54 elementor-widget elementor-widget-heading\" data-id=\"3421b54\" data-element_type=\"widget\" data-widget_type=\"heading.default\">\n\t\t\t\t<div class=\"elementor-widget-container\">\n\t\t\t<h2 class=\"elementor-heading-title elementor-size-default\"><br>Voiceover<\/h2>\t\t<\/div>\n\t\t\t\t<\/div>\n\t\t\t\t<div class=\"elementor-element elementor-element-2247d2d elementor-widget-divider--view-line elementor-widget elementor-widget-divider\" data-id=\"2247d2d\" data-element_type=\"widget\" data-widget_type=\"divider.default\">\n\t\t\t\t<div class=\"elementor-widget-container\">\n\t\t\t\t\t<div class=\"elementor-divider\">\n\t\t\t<span class=\"elementor-divider-separator\">\n\t\t\t\t\t\t<\/span>\n\t\t<\/div>\n\t\t\t\t<\/div>\n\t\t\t\t<\/div>\n\t\t\t\t<div class=\"elementor-element elementor-element-e0be4d4 elementor-widget elementor-widget-text-editor\" data-id=\"e0be4d4\" data-element_type=\"widget\" data-widget_type=\"text-editor.default\">\n\t\t\t\t<div class=\"elementor-widget-container\">\n\t\t\t\t\t\t\t\t<div class=\"elementor-text-editor elementor-clearfix\">\n\t\t\t\t<p>\u00a0<\/p><p>Ich biete Voiceover-Produktionen f\u00fcr die folgenden Sprachen an:<br \/>&#8211; Deutsch<br \/>&#8211; Niederl\u00e4ndisch<\/p><p>Die Aufnahmen k\u00f6nnen sowohl im Homestudio als auch in einem professionellen Studio, dem <span style=\"color: #800000;\"><a style=\"color: #800000;\" href=\"http:\/\/woodboxstudio.de\/\">WoodBoxStudio<\/a><\/span>, produziert werden. Zur Verf\u00fcgung stehen folgende Mikrofone: <span lang=\"EN-US\">Soyus Su 019, Sm7, Neumann 103 und U 67 clone.<\/span><\/p><p>Auf Anfrage kann auch Englisch und Slowakisch\u00a0eingesprochen werden.<\/p><p>\u00a0<\/p>\t\t\t\t\t<\/div>\n\t\t\t\t\t\t<\/div>\n\t\t\t\t<\/div>\n\t\t\t\t<div class=\"elementor-element elementor-element-23001e6 elementor-widget elementor-widget-wp-widget-media_audio\" data-id=\"23001e6\" data-element_type=\"widget\" data-widget_type=\"wp-widget-media_audio.default\">\n\t\t\t\t<div class=\"elementor-widget-container\">\n\t\t\t<h5>Voiceover Demo Deutsch<\/h5><!--[if lt IE 9]><script>document.createElement('audio');<\/script><![endif]-->\n<audio class=\"wp-audio-shortcode\" id=\"audio-20-1\" preload=\"none\" style=\"width: 100%;\" controls=\"controls\"><source type=\"audio\/mpeg\" src=\"http:\/\/www.meijer-sprachen.de\/wp-content\/uploads\/2018\/10\/Daniela-Meijer_Voiceover_DE_demo2018.mp3?_=1\" \/><source type=\"audio\/mpeg\" src=\"http:\/\/www.meijer-sprachen.de\/wp-content\/uploads\/2018\/10\/Daniela-Meijer_Voiceover_DE_demo2018.mp3?_=1\" \/><a href=\"http:\/\/www.meijer-sprachen.de\/wp-content\/uploads\/2018\/10\/Daniela-Meijer_Voiceover_DE_demo2018.mp3\">http:\/\/www.meijer-sprachen.de\/wp-content\/uploads\/2018\/10\/Daniela-Meijer_Voiceover_DE_demo2018.mp3<\/a><\/audio>\t\t<\/div>\n\t\t\t\t<\/div>\n\t\t\t\t<div class=\"elementor-element elementor-element-c1516ad elementor-widget elementor-widget-wp-widget-media_audio\" data-id=\"c1516ad\" data-element_type=\"widget\" data-widget_type=\"wp-widget-media_audio.default\">\n\t\t\t\t<div class=\"elementor-widget-container\">\n\t\t\t<h5>Voiceover Demo Niederl\u00e4ndisch<\/h5><audio class=\"wp-audio-shortcode\" id=\"audio-20-2\" preload=\"none\" style=\"width: 100%;\" controls=\"controls\"><source type=\"audio\/mpeg\" src=\"http:\/\/www.meijer-sprachen.de\/wp-content\/uploads\/2018\/10\/Daniela-Meijer_Voiceover_NL_demo2018.mp3?_=2\" \/><source type=\"audio\/mpeg\" src=\"http:\/\/www.meijer-sprachen.de\/wp-content\/uploads\/2018\/10\/Daniela-Meijer_Voiceover_NL_demo2018.mp3?_=2\" \/><a href=\"http:\/\/www.meijer-sprachen.de\/wp-content\/uploads\/2018\/10\/Daniela-Meijer_Voiceover_NL_demo2018.mp3\">http:\/\/www.meijer-sprachen.de\/wp-content\/uploads\/2018\/10\/Daniela-Meijer_Voiceover_NL_demo2018.mp3<\/a><\/audio>\t\t<\/div>\n\t\t\t\t<\/div>\n\t\t\t\t<section class=\"elementor-section elementor-inner-section elementor-element elementor-element-710d0e5d elementor-section-content-top elementor-section-boxed elementor-section-height-default elementor-section-height-default\" data-id=\"710d0e5d\" data-element_type=\"section\">\n\t\t\t\t\t\t<div class=\"elementor-container elementor-column-gap-extended\">\n\t\t\t\t\t\t\t<div class=\"elementor-row\">\n\t\t\t\t\t<div class=\"elementor-column elementor-col-100 elementor-inner-column elementor-element elementor-element-2dfe98f\" data-id=\"2dfe98f\" data-element_type=\"column\">\n\t\t\t<div class=\"elementor-column-wrap elementor-element-populated\">\n\t\t\t\t\t\t\t<div class=\"elementor-widget-wrap\">\n\t\t\t\t\t\t<div class=\"elementor-element elementor-element-051ab59 elementor-widget elementor-widget-spacer\" data-id=\"051ab59\" data-element_type=\"widget\" data-widget_type=\"spacer.default\">\n\t\t\t\t<div class=\"elementor-widget-container\">\n\t\t\t\t\t<div class=\"elementor-spacer\">\n\t\t\t<div class=\"elementor-spacer-inner\"><\/div>\n\t\t<\/div>\n\t\t\t\t<\/div>\n\t\t\t\t<\/div>\n\t\t\t\t\t\t<\/div>\n\t\t\t\t\t<\/div>\n\t\t<\/div>\n\t\t\t\t\t\t\t\t<\/div>\n\t\t\t\t\t<\/div>\n\t\t<\/section>\n\t\t\t\t<div class=\"elementor-element elementor-element-2daba36 elementor-widget elementor-widget-heading\" data-id=\"2daba36\" data-element_type=\"widget\" data-widget_type=\"heading.default\">\n\t\t\t\t<div class=\"elementor-widget-container\">\n\t\t\t<h2 class=\"elementor-heading-title elementor-size-default\"><br>\u00dcbersetzung<\/h2>\t\t<\/div>\n\t\t\t\t<\/div>\n\t\t\t\t<div class=\"elementor-element elementor-element-3d94934 elementor-widget-divider--view-line elementor-widget elementor-widget-divider\" data-id=\"3d94934\" data-element_type=\"widget\" data-widget_type=\"divider.default\">\n\t\t\t\t<div class=\"elementor-widget-container\">\n\t\t\t\t\t<div class=\"elementor-divider\">\n\t\t\t<span class=\"elementor-divider-separator\">\n\t\t\t\t\t\t<\/span>\n\t\t<\/div>\n\t\t\t\t<\/div>\n\t\t\t\t<\/div>\n\t\t\t\t<div class=\"elementor-element elementor-element-83f099c elementor-widget elementor-widget-text-editor\" data-id=\"83f099c\" data-element_type=\"widget\" data-widget_type=\"text-editor.default\">\n\t\t\t\t<div class=\"elementor-widget-container\">\n\t\t\t\t\t\t\t\t<div class=\"elementor-text-editor elementor-clearfix\">\n\t\t\t\t<p>\u00a0<\/p><p>Ich biete \u00dcbersetzungen f\u00fcr die folgenden Sprachkombinationen an:<br \/><span style=\"font-size: 13px;\">&#8211; Niederl\u00e4ndisch &gt; Deutsch<br \/><\/span><span style=\"font-size: 13px;\">&#8211; Englisch &gt; Deutsch<br \/><\/span><span style=\"font-size: 13px;\">&#8211; Slowakisch &gt; Deutsch<\/span><\/p><p><span style=\"font-size: 13px;\">Referenz: <span style=\"color: #800000;\"><a style=\"color: #800000;\" href=\"https:\/\/www.shop.oz-verlag.de\/113\/?cid=1742&amp;gclid=EAIaIQobChMIvOPAoKqY3gIVCqsYCh1BEQc5EAAYASAAEgJ60fD_BwE\">Modezeitschrift Fashion Style<\/a><\/span><\/span><\/p><p>\u00a0<\/p>\t\t\t\t\t<\/div>\n\t\t\t\t\t\t<\/div>\n\t\t\t\t<\/div>\n\t\t\t\t<section class=\"elementor-section elementor-inner-section elementor-element elementor-element-6a77b4e elementor-section-boxed elementor-section-height-default elementor-section-height-default\" data-id=\"6a77b4e\" data-element_type=\"section\">\n\t\t\t\t\t\t<div class=\"elementor-container elementor-column-gap-default\">\n\t\t\t\t\t\t\t<div class=\"elementor-row\">\n\t\t\t\t\t<div class=\"elementor-column elementor-col-50 elementor-inner-column elementor-element elementor-element-6bd826d\" data-id=\"6bd826d\" data-element_type=\"column\">\n\t\t\t<div class=\"elementor-column-wrap\">\n\t\t\t\t\t\t\t<div class=\"elementor-widget-wrap\">\n\t\t\t\t\t\t\t\t<\/div>\n\t\t\t\t\t<\/div>\n\t\t<\/div>\n\t\t\t\t<div class=\"elementor-column elementor-col-50 elementor-inner-column elementor-element elementor-element-708dc16\" data-id=\"708dc16\" data-element_type=\"column\">\n\t\t\t<div class=\"elementor-column-wrap\">\n\t\t\t\t\t\t\t<div class=\"elementor-widget-wrap\">\n\t\t\t\t\t\t\t\t<\/div>\n\t\t\t\t\t<\/div>\n\t\t<\/div>\n\t\t\t\t\t\t\t\t<\/div>\n\t\t\t\t\t<\/div>\n\t\t<\/section>\n\t\t\t\t<div class=\"elementor-element elementor-element-61dabd0 elementor-widget elementor-widget-heading\" data-id=\"61dabd0\" data-element_type=\"widget\" data-widget_type=\"heading.default\">\n\t\t\t\t<div class=\"elementor-widget-container\">\n\t\t\t<h2 class=\"elementor-heading-title elementor-size-default\"><br>Sprachunterricht<\/h2>\t\t<\/div>\n\t\t\t\t<\/div>\n\t\t\t\t<div class=\"elementor-element elementor-element-8a4c70b elementor-widget-divider--view-line elementor-widget elementor-widget-divider\" data-id=\"8a4c70b\" data-element_type=\"widget\" data-widget_type=\"divider.default\">\n\t\t\t\t<div class=\"elementor-widget-container\">\n\t\t\t\t\t<div class=\"elementor-divider\">\n\t\t\t<span class=\"elementor-divider-separator\">\n\t\t\t\t\t\t<\/span>\n\t\t<\/div>\n\t\t\t\t<\/div>\n\t\t\t\t<\/div>\n\t\t\t\t<div class=\"elementor-element elementor-element-a5f3539 elementor-widget elementor-widget-text-editor\" data-id=\"a5f3539\" data-element_type=\"widget\" data-widget_type=\"text-editor.default\">\n\t\t\t\t<div class=\"elementor-widget-container\">\n\t\t\t\t\t\t\t\t<div class=\"elementor-text-editor elementor-clearfix\">\n\t\t\t\t<p>Meine Lehrt\u00e4tigkeit umfasst:<br \/>&#8211; Sprachunterricht f\u00fcr niederl\u00e4ndische Muttersprachler an der <span style=\"color: #800000;\">NTC-School \u00a0Karlsruhe<\/span>\u00a0sowie<br \/>&#8211; Intensivkurs Niederl\u00e4ndisch\u00a0f\u00fcr den <span style=\"color: #800000;\">Arbeitsbereich Niederl\u00e4ndisch\u00a0des FB06 Translations-,\u00a0<span style=\"font-size: 13px;\">\u00a0Sprach- und Kulturwissenschaft der Johannes Gutenberg-Universit\u00e4t Mainz.<\/span><\/span><\/p>\t\t\t\t\t<\/div>\n\t\t\t\t\t\t<\/div>\n\t\t\t\t<\/div>\n\t\t\t\t<div class=\"elementor-element elementor-element-7dcf4420 elementor-widget elementor-widget-spacer\" data-id=\"7dcf4420\" data-element_type=\"widget\" data-widget_type=\"spacer.default\">\n\t\t\t\t<div class=\"elementor-widget-container\">\n\t\t\t\t\t<div class=\"elementor-spacer\">\n\t\t\t<div class=\"elementor-spacer-inner\"><\/div>\n\t\t<\/div>\n\t\t\t\t<\/div>\n\t\t\t\t<\/div>\n\t\t\t\t\t\t<\/div>\n\t\t\t\t\t<\/div>\n\t\t<\/div>\n\t\t\t\t\t\t\t\t<\/div>\n\t\t\t\t\t<\/div>\n\t\t<\/section>\n\t\t\t\t\t\t\t\t\t<\/div>\n\t\t\t<\/div>\n\t\t\t\t\t<\/div>\n\t\t","protected":false},"excerpt":{"rendered":"<p>Dienstleistungen Voiceover \u00a0 Ich biete Voiceover-Produktionen f\u00fcr die folgenden Sprachen an:&#8211; Deutsch&#8211; Niederl\u00e4ndisch Die Aufnahmen k\u00f6nnen sowohl im Homestudio als auch in einem professionellen Studio, dem WoodBoxStudio, produziert werden. Zur Verf\u00fcgung stehen folgende Mikrofone: Soyus Su 019, Sm7, Neumann 103 und U 67 clone. Auf Anfrage kann auch Englisch und Slowakisch\u00a0eingesprochen werden. \u00a0 \u00dcbersetzung \u00a0 &hellip;<\/p>\n<p class=\"read-more\"> <a class=\"\" href=\"http:\/\/www.meijer-sprachen.de\/?page_id=20\"> <span class=\"screen-reader-text\">About<\/span> Weiterlesen &raquo;<\/a><\/p>\n","protected":false},"author":1,"featured_media":0,"parent":0,"menu_order":0,"comment_status":"closed","ping_status":"closed","template":"","meta":{"site-sidebar-layout":"no-sidebar","site-content-layout":"page-builder","ast-global-header-display":"","ast-main-header-display":"","ast-hfb-above-header-display":"","ast-hfb-below-header-display":"","ast-hfb-mobile-header-display":"","site-post-title":"disabled","ast-breadcrumbs-content":"","ast-featured-img":"disabled","footer-sml-layout":"","theme-transparent-header-meta":"","adv-header-id-meta":"","stick-header-meta":"","header-above-stick-meta":"","header-main-stick-meta":"","header-below-stick-meta":""},"_links":{"self":[{"href":"http:\/\/www.meijer-sprachen.de\/index.php?rest_route=\/wp\/v2\/pages\/20"}],"collection":[{"href":"http:\/\/www.meijer-sprachen.de\/index.php?rest_route=\/wp\/v2\/pages"}],"about":[{"href":"http:\/\/www.meijer-sprachen.de\/index.php?rest_route=\/wp\/v2\/types\/page"}],"author":[{"embeddable":true,"href":"http:\/\/www.meijer-sprachen.de\/index.php?rest_route=\/wp\/v2\/users\/1"}],"replies":[{"embeddable":true,"href":"http:\/\/www.meijer-sprachen.de\/index.php?rest_route=%2Fwp%2Fv2%2Fcomments&post=20"}],"version-history":[{"count":34,"href":"http:\/\/www.meijer-sprachen.de\/index.php?rest_route=\/wp\/v2\/pages\/20\/revisions"}],"predecessor-version":[{"id":259,"href":"http:\/\/www.meijer-sprachen.de\/index.php?rest_route=\/wp\/v2\/pages\/20\/revisions\/259"}],"wp:attachment":[{"href":"http:\/\/www.meijer-sprachen.de\/index.php?rest_route=%2Fwp%2Fv2%2Fmedia&parent=20"}],"curies":[{"name":"wp","href":"https:\/\/api.w.org\/{rel}","templated":true}]}}